{"id":15065,"date":"2025-05-07T10:44:41","date_gmt":"2025-05-07T10:44:41","guid":{"rendered":"https:\/\/awraqonline.com\/product\/%d8%b9%d8%b4%d8%aa-%d9%84%d8%a3%d8%b1%d9%88%d9%8a-2\/"},"modified":"2025-06-26T11:28:55","modified_gmt":"2025-06-26T11:28:55","slug":"%d8%b9%d8%b4%d8%aa-%d9%84%d8%a3%d8%b1%d9%88%d9%8a-2","status":"publish","type":"product","link":"https:\/\/awraqonline.com\/en\/product\/%d8%b9%d8%b4%d8%aa-%d9%84%d8%a3%d8%b1%d9%88%d9%8a-2\/","title":{"rendered":"I Lived to Tell the Story"},"content":{"rendered":"<p>In this literary masterpiece, Garc\u00eda M\u00e1rquez recounts his life story from his birth in 1927, through his studies, where his writerly personality emerged, then the beginnings of his writing project, all the way to a pivotal moment in the 1950s when he proposed to the woman who would become his wife.<br \/>\nA biography characterized by the vitality of direct dialogue with the reader&#8230;a tale of the people, places, and events that formed the reservoir of Garc\u00eda M\u00e1rquez&#8217;s later writing. In this biography, we discover how the magic that characterized Garc\u00eda M\u00e1rquez&#8217;s works is rooted in the eccentricity of his family members and the profound influence of his mother and grandfather. We learn about his arduous work in journalism, which continued to attract him, the friends and teachers who encouraged and supported him, and the myths and secrets surrounding his beloved country, Colombia.<br \/>\nWe learn about the details of Garc\u00eda M\u00e1rquez&#8217;s personality, which will emerge later&#8230;and above all, we realize that throughout his life, he was possessed by a burning desire to become a writer. Garc\u00eda M\u00e1rquez begins the book by talking about his mother and ends it by talking about his lover and companion, Mercedes. The long conversations and amazing relationships between them are worth telling.<\/p>\n","protected":false},"excerpt":{"rendered":"<p>A captivating autobiography in which Garc\u00eda M\u00e1rquez reveals the secrets of his life and his experience with writing and journalism.<\/p>\n","protected":false},"featured_media":15067,"comment_status":"open","ping_status":"closed","template":"","meta":[],"product_cat":[830,905,854],"product_tag":[2728,1082,1343,1191],"class_list":{"0":"post-15065","1":"product","2":"type-product","3":"status-publish","4":"has-post-thumbnail","6":"product_cat-literature","7":"product_cat-world-literature","8":"product_cat-biography-and-memoirs","9":"product_tag-literature","10":"product_tag-novels","11":"product_tag-thought","12":"product_tag-world-literature","13":"pa_book-author-gabriel-garcia-marquez","15":"first","16":"onbackorder","17":"sale","18":"shipping-taxable","19":"purchasable","20":"product-type-simple"},"_links":{"self":[{"href":"https:\/\/awraqonline.com\/en\/wp-json\/wp\/v2\/product\/15065","targetHints":{"allow":["GET"]}}],"collection":[{"href":"https:\/\/awraqonline.com\/en\/wp-json\/wp\/v2\/product"}],"about":[{"href":"https:\/\/awraqonline.com\/en\/wp-json\/wp\/v2\/types\/product"}],"replies":[{"embeddable":true,"href":"https:\/\/awraqonline.com\/en\/wp-json\/wp\/v2\/comments?post=15065"}],"wp:featuredmedia":[{"embeddable":true,"href":"https:\/\/awraqonline.com\/en\/wp-json\/wp\/v2\/media\/15067"}],"wp:attachment":[{"href":"https:\/\/awraqonline.com\/en\/wp-json\/wp\/v2\/media?parent=15065"}],"wp:term":[{"taxonomy":"product_cat","embeddable":true,"href":"https:\/\/awraqonline.com\/en\/wp-json\/wp\/v2\/product_cat?post=15065"},{"taxonomy":"product_tag","embeddable":true,"href":"https:\/\/awraqonline.com\/en\/wp-json\/wp\/v2\/product_tag?post=15065"}],"curies":[{"name":"wp","href":"https:\/\/api.w.org\/{rel}","templated":true}]}}