{"id":20974,"date":"2025-11-24T10:16:12","date_gmt":"2025-11-24T10:16:12","guid":{"rendered":"https:\/\/awraqonline.com\/product\/%d8%b9%d9%86-%d8%a7%d9%84%d8%ad%d8%a8-%d9%88%d8%b4%d9%8a%d8%a7%d8%b7%d9%8a%d9%86-%d8%a3%d8%ae%d8%b1%d9%89\/"},"modified":"2025-11-24T10:18:53","modified_gmt":"2025-11-24T10:18:53","slug":"%d8%b9%d9%86-%d8%a7%d9%84%d8%ad%d8%a8-%d9%88%d8%b4%d9%8a%d8%a7%d8%b7%d9%8a%d9%86-%d8%a3%d8%ae%d8%b1%d9%89","status":"publish","type":"product","link":"https:\/\/awraqonline.com\/en\/product\/%d8%b9%d9%86-%d8%a7%d9%84%d8%ad%d8%a8-%d9%88%d8%b4%d9%8a%d8%a7%d8%b7%d9%8a%d9%86-%d8%a3%d8%ae%d8%b1%d9%89\/","title":{"rendered":"Of Love and Other Demons"},"content":{"rendered":"<p>This is the penultimate novel in the career of the magician Gabriel Garc\u00eda M\u00e1rquez, written in 1994. In the novel&#8217;s introduction, M\u00e1rquez claims that he went to investigate a news story about the relocation of graves in an old monastery, when a worker&#8217;s pickaxe revealed a braid of hair 22 meters and 10 centimeters long, ending in the skull of a young girl. The foreman, without surprise, confided in him what he considered a scientific fact: &#8220;Hair grows at a rate of one centimeter per month, even after death.&#8221; M\u00e1rquez estimates that the braid had grown over two hundred years, connecting the incident to a legend his grandmother told him about a marquise who died at the age of twelve from a dog bite. Her auburn hair trailed behind her like a wedding dress, and she was revered by all the peoples of the Caribbean for her extraordinary miracles. Following this introduction, M\u00e1rquez begins to reconstruct the life of the young girl who started behaving indecently. Her strange practices with slaves and servants reached the ears of the Church, leading to her being taken from her family and imprisoned in a convent to exorcise the demons from her body. However, the young bishop assigned to her falls in love with her, prompting the bishop to banish him to a leper colony, forbidding his return until he is cured of his love. The bishop also decides to subject the girl to exorcisms to rid her of her demons. After five sessions of exorcism and enemas, the warden enters to prepare her for the sixth session and finds her &#8220;dead with love, with radiant eyes and the skin of a newborn baby!&#8221;<\/p>\n<p>Many enthusiasts of the novel consider it M\u00e1rquez&#8217;s finest work. Beyond comparisons with his other masterpieces, such as &#8220;One Hundred Years of Solitude,&#8221; &#8220;Of Love and Other Demons&#8221; embodies all of M\u00e1rquez&#8217;s creative and intellectual hallmarks. It possesses the elegance of irony, the power of satire, and a triumph of life and love.<\/p>\n","protected":false},"excerpt":{"rendered":"<p>A tale that weaves a strange world where love intersects with myth, where folk legends become a force that changes the destinies of characters and reveals the fragility of man in the face of the unknown.<\/p>\n","protected":false},"featured_media":20972,"comment_status":"open","ping_status":"closed","template":"","meta":[],"product_cat":[905,911,915,869],"product_tag":[1252,1188,1276,1234],"class_list":{"0":"post-20974","1":"product","2":"type-product","3":"status-publish","4":"has-post-thumbnail","6":"product_cat-world-literature","7":"product_cat-novels","8":"product_cat-stories","9":"product_cat-myth","10":"product_tag-feelings","11":"product_tag-fiction","12":"product_tag-myths","13":"product_tag-romance","14":"pa_book-author-gabriel-garcia-marquez","16":"first","17":"onbackorder","18":"sale","19":"shipping-taxable","20":"purchasable","21":"product-type-simple"},"_links":{"self":[{"href":"https:\/\/awraqonline.com\/en\/wp-json\/wp\/v2\/product\/20974","targetHints":{"allow":["GET"]}}],"collection":[{"href":"https:\/\/awraqonline.com\/en\/wp-json\/wp\/v2\/product"}],"about":[{"href":"https:\/\/awraqonline.com\/en\/wp-json\/wp\/v2\/types\/product"}],"replies":[{"embeddable":true,"href":"https:\/\/awraqonline.com\/en\/wp-json\/wp\/v2\/comments?post=20974"}],"wp:featuredmedia":[{"embeddable":true,"href":"https:\/\/awraqonline.com\/en\/wp-json\/wp\/v2\/media\/20972"}],"wp:attachment":[{"href":"https:\/\/awraqonline.com\/en\/wp-json\/wp\/v2\/media?parent=20974"}],"wp:term":[{"taxonomy":"product_cat","embeddable":true,"href":"https:\/\/awraqonline.com\/en\/wp-json\/wp\/v2\/product_cat?post=20974"},{"taxonomy":"product_tag","embeddable":true,"href":"https:\/\/awraqonline.com\/en\/wp-json\/wp\/v2\/product_tag?post=20974"}],"curies":[{"name":"wp","href":"https:\/\/api.w.org\/{rel}","templated":true}]}}