{"id":21015,"date":"2025-11-25T11:05:25","date_gmt":"2025-11-25T11:05:25","guid":{"rendered":"https:\/\/awraqonline.com\/product\/%d8%a7%d9%84%d8%ac%d9%86%d8%b1%d8%a7%d9%84-%d9%81%d9%8a-%d9%85%d8%aa%d8%a7%d9%87%d8%aa%d9%87\/"},"modified":"2025-11-25T11:31:24","modified_gmt":"2025-11-25T11:31:24","slug":"%d8%a7%d9%84%d8%ac%d9%86%d8%b1%d8%a7%d9%84-%d9%81%d9%8a-%d9%85%d8%aa%d8%a7%d9%87%d8%aa%d9%87","status":"publish","type":"product","link":"https:\/\/awraqonline.com\/en\/product\/%d8%a7%d9%84%d8%ac%d9%86%d8%b1%d8%a7%d9%84-%d9%81%d9%8a-%d9%85%d8%aa%d8%a7%d9%87%d8%aa%d9%87\/","title":{"rendered":"The General in His Labyrinth"},"content":{"rendered":"<p>On December 10, 1830, seven days before his death, Sim\u00f3n Bol\u00edvar, the hero of Latin America, finished dictating his last wishes. He refused the advice of his personal physician, who had asked him to perform the rituals of confession, exclaiming, &#8220;What is this? Is my condition so bad that you ask me to make a will and confess? How will I ever escape this labyrinth?!&#8221;<\/p>\n<p>This incident defines the legendary, historical, and personal closeness that Gabriel Garc\u00eda M\u00e1rquez achieved in portraying Sim\u00f3n Bol\u00edvar through the language of the novel.<\/p>\n<p>Bolivar, whom the people called the Liberator, who was the target of political and military intrigues, and who was a romantic and idealistic hero, embarks on his final journey with a small number of companions, ill and disillusioned, contemplating the collapse of his dream of uniting the peoples of the Americas after liberating them from the Spanish yoke. In his exploration of that pivotal period in Latin American history, Gabriel Garc\u00eda M\u00e1rquez constructs a world of reality and fantastical magic, enriching it with a tragedy that elevates it to unprecedented heights.<\/p>\n","protected":false},"excerpt":{"rendered":"<p>A journey through the final days of a leader worn down by battles and disappointments, wandering between riverbanks, burdened by memory and the vagaries of power. A narrative that oscillates between reality and myth, revealing the fragility of the hero as he faces his end alone.<\/p>\n","protected":false},"featured_media":21013,"comment_status":"open","ping_status":"closed","template":"","meta":[],"product_cat":[905,911,839,854],"product_tag":[1110,1072,1082,1359],"class_list":{"0":"post-21015","1":"product","2":"type-product","3":"status-publish","4":"has-post-thumbnail","6":"product_cat-world-literature","7":"product_cat-novels","8":"product_cat-history-and-geography","9":"product_cat-biography-and-memoirs","10":"product_tag-case","11":"product_tag-history","12":"product_tag-novels","13":"product_tag-philosophy","14":"pa_book-author-gabriel-garcia-marquez","16":"first","17":"onbackorder","18":"sale","19":"shipping-taxable","20":"purchasable","21":"product-type-simple"},"_links":{"self":[{"href":"https:\/\/awraqonline.com\/en\/wp-json\/wp\/v2\/product\/21015","targetHints":{"allow":["GET"]}}],"collection":[{"href":"https:\/\/awraqonline.com\/en\/wp-json\/wp\/v2\/product"}],"about":[{"href":"https:\/\/awraqonline.com\/en\/wp-json\/wp\/v2\/types\/product"}],"replies":[{"embeddable":true,"href":"https:\/\/awraqonline.com\/en\/wp-json\/wp\/v2\/comments?post=21015"}],"wp:featuredmedia":[{"embeddable":true,"href":"https:\/\/awraqonline.com\/en\/wp-json\/wp\/v2\/media\/21013"}],"wp:attachment":[{"href":"https:\/\/awraqonline.com\/en\/wp-json\/wp\/v2\/media?parent=21015"}],"wp:term":[{"taxonomy":"product_cat","embeddable":true,"href":"https:\/\/awraqonline.com\/en\/wp-json\/wp\/v2\/product_cat?post=21015"},{"taxonomy":"product_tag","embeddable":true,"href":"https:\/\/awraqonline.com\/en\/wp-json\/wp\/v2\/product_tag?post=21015"}],"curies":[{"name":"wp","href":"https:\/\/api.w.org\/{rel}","templated":true}]}}