{"id":22393,"date":"2026-01-13T13:24:10","date_gmt":"2026-01-13T13:24:10","guid":{"rendered":"https:\/\/awraqonline.com\/product\/%d8%a7%d9%84%d8%b6%d9%81%d8%a7%d9%81-%d8%a7%d9%84%d9%85%d8%b4%d9%85%d8%b3%d8%a9-%d9%84%d9%86%d9%87%d8%b1-%d8%a7%d9%84%d9%86%d8%b3%d9%8a%d8%a7%d9%86\/"},"modified":"2026-01-13T13:27:09","modified_gmt":"2026-01-13T13:27:09","slug":"%d8%a7%d9%84%d8%b6%d9%81%d8%a7%d9%81-%d8%a7%d9%84%d9%85%d8%b4%d9%85%d8%b3%d8%a9-%d9%84%d9%86%d9%87%d8%b1-%d8%a7%d9%84%d9%86%d8%b3%d9%8a%d8%a7%d9%86","status":"publish","type":"product","link":"https:\/\/awraqonline.com\/en\/product\/%d8%a7%d9%84%d8%b6%d9%81%d8%a7%d9%81-%d8%a7%d9%84%d9%85%d8%b4%d9%85%d8%b3%d8%a9-%d9%84%d9%86%d9%87%d8%b1-%d8%a7%d9%84%d9%86%d8%b3%d9%8a%d8%a7%d9%86\/","title":{"rendered":"The Sun Drenched Banks of the River of Oblivion"},"content":{"rendered":"<p>This book contains a selection of short stories and novellas from world literature, penned by renowned authors such as Franz Kafka, Andr\u00e9 Maurois, Gabriel Garc\u00eda M\u00e1rquez, Dino Buzzati, Norman Mailer, Irwin Shaw, and others. Reading these literary masterpieces is a true pleasure for lovers of fine literature. Writers of short stories and novels will also find in them exemplary models.<\/p>\n<p>The translator, Dr. Jawdat Hoshyar, carefully selected this collection of stories, drawing on his extensive and profound experience, particularly in reading the works of these authors. He translated them into Arabic in an accessible, eloquent, and enjoyable style, characterized by integrity and fidelity. This is a book well worth reading and a must-have for every connoisseur of authentic and enjoyable literature.<\/p>\n","protected":false},"excerpt":{"rendered":"<p>A diverse collection of short stories that address different aspects of human life through various narrative styles, from alienation to emotional reflections, and highlight the diversity of creative experiences of leading international writers.<\/p>\n","protected":false},"featured_media":22391,"comment_status":"open","ping_status":"closed","template":"","meta":[],"product_cat":[830,905,915],"product_tag":[1148,2728,1132,1191],"class_list":{"0":"post-22393","1":"product","2":"type-product","3":"status-publish","4":"has-post-thumbnail","6":"product_cat-literature","7":"product_cat-world-literature","8":"product_cat-stories","9":"product_tag-culture","10":"product_tag-literature","11":"product_tag-stories","12":"product_tag-world-literature","13":"pa_book-author-franz-kafka","15":"first","16":"onbackorder","17":"sale","18":"shipping-taxable","19":"purchasable","20":"product-type-simple"},"_links":{"self":[{"href":"https:\/\/awraqonline.com\/en\/wp-json\/wp\/v2\/product\/22393","targetHints":{"allow":["GET"]}}],"collection":[{"href":"https:\/\/awraqonline.com\/en\/wp-json\/wp\/v2\/product"}],"about":[{"href":"https:\/\/awraqonline.com\/en\/wp-json\/wp\/v2\/types\/product"}],"replies":[{"embeddable":true,"href":"https:\/\/awraqonline.com\/en\/wp-json\/wp\/v2\/comments?post=22393"}],"wp:featuredmedia":[{"embeddable":true,"href":"https:\/\/awraqonline.com\/en\/wp-json\/wp\/v2\/media\/22391"}],"wp:attachment":[{"href":"https:\/\/awraqonline.com\/en\/wp-json\/wp\/v2\/media?parent=22393"}],"wp:term":[{"taxonomy":"product_cat","embeddable":true,"href":"https:\/\/awraqonline.com\/en\/wp-json\/wp\/v2\/product_cat?post=22393"},{"taxonomy":"product_tag","embeddable":true,"href":"https:\/\/awraqonline.com\/en\/wp-json\/wp\/v2\/product_tag?post=22393"}],"curies":[{"name":"wp","href":"https:\/\/api.w.org\/{rel}","templated":true}]}}