{"id":23815,"date":"2026-03-03T11:36:06","date_gmt":"2026-03-03T11:36:06","guid":{"rendered":"https:\/\/awraqonline.com\/product\/%d8%b8%d9%84-%d8%a7%d9%84%d8%b1%d9%8a%d8%ad-%d9%85%d9%82%d8%a8%d8%b1%d8%a9-%d8%a7%d9%84%d9%83%d8%aa%d8%a8-%d8%a7%d9%84%d9%85%d9%86%d8%b3%d9%8a%d8%a9\/"},"modified":"2026-03-03T11:43:22","modified_gmt":"2026-03-03T11:43:22","slug":"%d8%b8%d9%84-%d8%a7%d9%84%d8%b1%d9%8a%d8%ad-%d9%85%d9%82%d8%a8%d8%b1%d8%a9-%d8%a7%d9%84%d9%83%d8%aa%d8%a8-%d8%a7%d9%84%d9%85%d9%86%d8%b3%d9%8a%d8%a9","status":"publish","type":"product","link":"https:\/\/awraqonline.com\/en\/product\/%d8%b8%d9%84-%d8%a7%d9%84%d8%b1%d9%8a%d8%ad-%d9%85%d9%82%d8%a8%d8%b1%d8%a9-%d8%a7%d9%84%d9%83%d8%aa%d8%a8-%d8%a7%d9%84%d9%85%d9%86%d8%b3%d9%8a%d8%a9\/","title":{"rendered":"The Shadow of the Wind The Cemetery of Forgotten Books"},"content":{"rendered":"<p>Books that resemble a beautiful dream, intertwined stories unfolding in a captivating atmosphere\u2014this is what Ruiz Zaf\u00f3n has created for us. In post-war Barcelona, \u200b\u200ba young man named Daniel Sempere is taken by his father to a strange place called the Cemetery of Forgotten Books, where books nearing oblivion are preserved. Our protagonist chooses the book he will safeguard: a novel titled &#8220;The Shadow of the Wind&#8221; by an unknown Barcelona novelist named Juli\u00e1n Carax. From here, the story unfolds. Who is the mysterious man searching for and burning Juli\u00e1n&#8217;s books? What is Juli\u00e1n&#8217;s story, and why did he flee Barcelona? Is he alive, or was he killed in a mysterious duel? Small stories unfold, leading us into a delightful labyrinth, introducing us to fascinating characters. Who among us won&#8217;t love Ferm\u00edn Romero? This witty and eccentric character. This novel is magnificent; don&#8217;t miss it!<\/p>\n","protected":false},"excerpt":{"rendered":"<p>A novel set in the mysterious atmosphere of post-war Barcelona, \u200b\u200bwhere the discovery of a rare book leads to a journey filled with secrets, love, and pursuit, in a world where truth, shadow, and destiny intertwine.<\/p>\n","protected":false},"featured_media":23813,"comment_status":"open","ping_status":"closed","template":"","meta":[],"product_cat":[2469,905,949,911],"product_tag":[1293,2728,1082,1191],"class_list":{"0":"post-23815","1":"product","2":"type-product","3":"status-publish","4":"has-post-thumbnail","6":"product_cat-detective-literature","7":"product_cat-world-literature","8":"product_cat-general-literature","9":"product_cat-novels","10":"product_tag-crime","11":"product_tag-literature","12":"product_tag-novels","13":"product_tag-world-literature","14":"pa_book-author-carlos-zafon","16":"first","17":"onbackorder","18":"sale","19":"shipping-taxable","20":"purchasable","21":"product-type-simple"},"_links":{"self":[{"href":"https:\/\/awraqonline.com\/en\/wp-json\/wp\/v2\/product\/23815","targetHints":{"allow":["GET"]}}],"collection":[{"href":"https:\/\/awraqonline.com\/en\/wp-json\/wp\/v2\/product"}],"about":[{"href":"https:\/\/awraqonline.com\/en\/wp-json\/wp\/v2\/types\/product"}],"replies":[{"embeddable":true,"href":"https:\/\/awraqonline.com\/en\/wp-json\/wp\/v2\/comments?post=23815"}],"wp:featuredmedia":[{"embeddable":true,"href":"https:\/\/awraqonline.com\/en\/wp-json\/wp\/v2\/media\/23813"}],"wp:attachment":[{"href":"https:\/\/awraqonline.com\/en\/wp-json\/wp\/v2\/media?parent=23815"}],"wp:term":[{"taxonomy":"product_cat","embeddable":true,"href":"https:\/\/awraqonline.com\/en\/wp-json\/wp\/v2\/product_cat?post=23815"},{"taxonomy":"product_tag","embeddable":true,"href":"https:\/\/awraqonline.com\/en\/wp-json\/wp\/v2\/product_tag?post=23815"}],"curies":[{"name":"wp","href":"https:\/\/api.w.org\/{rel}","templated":true}]}}