{"id":24053,"date":"2026-03-10T16:49:44","date_gmt":"2026-03-10T16:49:44","guid":{"rendered":"https:\/\/awraqonline.com\/product\/%d8%a3%d9%8a%d9%86%d9%83-%d9%8a%d8%a7-%d9%85%d8%a7%d8%aa%d9%8a%d8%a7%d8%b3\/"},"modified":"2026-03-10T16:52:58","modified_gmt":"2026-03-10T16:52:58","slug":"%d8%a3%d9%8a%d9%86%d9%83-%d9%8a%d8%a7-%d9%85%d8%a7%d8%aa%d9%8a%d8%a7%d8%b3","status":"publish","type":"product","link":"https:\/\/awraqonline.com\/en\/product\/%d8%a3%d9%8a%d9%86%d9%83-%d9%8a%d8%a7-%d9%85%d8%a7%d8%aa%d9%8a%d8%a7%d8%b3\/","title":{"rendered":"Where Are You Mathias"},"content":{"rendered":"<p>&#8220;Where Are You, Mathias?&#8221; (French: O\u00f9 es-tu, Mathias?) is a novel by the Hungarian-Swiss author \u00c1gota Krist\u00f3f, evoking childhood memories with graceful language and a captivating style. The story revolves around feelings of loss, longing, and alienation, with the narrator expressing that life without Mathias is meaningless, describing his years as a &#8220;melancholy absence.&#8221;<\/p>\n","protected":false},"excerpt":{"rendered":"<p>This short literary text revisits childhood memories and lost human connections in a concise and direct style, tracing the feelings of loss, nostalgia, and the search for meaning in life after the long absence of someone who has left a profound void.<\/p>\n","protected":false},"featured_media":24051,"comment_status":"open","ping_status":"closed","template":"","meta":[],"product_cat":[905,911,915,921],"product_tag":[1252,1082,1132,1191],"class_list":{"0":"post-24053","1":"product","2":"type-product","3":"status-publish","4":"has-post-thumbnail","6":"product_cat-world-literature","7":"product_cat-novels","8":"product_cat-stories","9":"product_cat-literary-texts","10":"product_tag-feelings","11":"product_tag-novels","12":"product_tag-stories","13":"product_tag-world-literature","14":"pa_book-author-agota-kristof","16":"first","17":"onbackorder","18":"sale","19":"shipping-taxable","20":"purchasable","21":"product-type-simple"},"_links":{"self":[{"href":"https:\/\/awraqonline.com\/en\/wp-json\/wp\/v2\/product\/24053","targetHints":{"allow":["GET"]}}],"collection":[{"href":"https:\/\/awraqonline.com\/en\/wp-json\/wp\/v2\/product"}],"about":[{"href":"https:\/\/awraqonline.com\/en\/wp-json\/wp\/v2\/types\/product"}],"replies":[{"embeddable":true,"href":"https:\/\/awraqonline.com\/en\/wp-json\/wp\/v2\/comments?post=24053"}],"wp:featuredmedia":[{"embeddable":true,"href":"https:\/\/awraqonline.com\/en\/wp-json\/wp\/v2\/media\/24051"}],"wp:attachment":[{"href":"https:\/\/awraqonline.com\/en\/wp-json\/wp\/v2\/media?parent=24053"}],"wp:term":[{"taxonomy":"product_cat","embeddable":true,"href":"https:\/\/awraqonline.com\/en\/wp-json\/wp\/v2\/product_cat?post=24053"},{"taxonomy":"product_tag","embeddable":true,"href":"https:\/\/awraqonline.com\/en\/wp-json\/wp\/v2\/product_tag?post=24053"}],"curies":[{"name":"wp","href":"https:\/\/api.w.org\/{rel}","templated":true}]}}